{"id":79,"date":"2017-03-17T14:51:47","date_gmt":"2017-03-17T14:51:47","guid":{"rendered":"http:\/\/zirkus-paedagogin.de\/?page_id=79"},"modified":"2019-02-20T11:19:50","modified_gmt":"2019-02-20T11:19:50","slug":"leistungen","status":"publish","type":"page","link":"https:\/\/www.zirkus-paedagogin.de\/?page_id=79","title":{"rendered":"Leistungen"},"content":{"rendered":"<p>[et_pb_section bb_built=&#8220;1&#8243; admin_label=&#8220;section&#8220; transparent_background=&#8220;off&#8220; background_color=&#8220;#f7942a&#8220; allow_player_pause=&#8220;off&#8220; inner_shadow=&#8220;off&#8220; parallax=&#8220;off&#8220; parallax_method=&#8220;on&#8220; make_fullwidth=&#8220;off&#8220; use_custom_width=&#8220;off&#8220; width_unit=&#8220;on&#8220; make_equal=&#8220;off&#8220; use_custom_gutter=&#8220;off&#8220; custom_padding=&#8220;15px||15px|&#8220;][et_pb_row admin_label=&#8220;row&#8220; make_fullwidth=&#8220;off&#8220; use_custom_width=&#8220;off&#8220; width_unit=&#8220;on&#8220; use_custom_gutter=&#8220;off&#8220; custom_padding=&#8220;0px||0px|&#8220; allow_player_pause=&#8220;off&#8220; parallax=&#8220;off&#8220; parallax_method=&#8220;on&#8220; make_equal=&#8220;off&#8220; parallax_1=&#8220;off&#8220; parallax_method_1=&#8220;off&#8220;][et_pb_column type=&#8220;4_4&#8243;][et_pb_text admin_label=&#8220;Leistungen&#8220; background_layout=&#8220;dark&#8220; text_orientation=&#8220;center&#8220; use_border_color=&#8220;off&#8220; border_color=&#8220;#ffffff&#8220; border_style=&#8220;solid&#8220; text_font_size=&#8220;26&#8243;]<\/p>\n<p style=\"text-align: center;\"><strong>Leistungen<\/strong><\/p>\n<p>[\/et_pb_text][\/et_pb_column][\/et_pb_row][\/et_pb_section][et_pb_section bb_built=&#8220;1&#8243; admin_label=&#8220;Sektion&#8220; fullwidth=&#8220;off&#8220; specialty=&#8220;off&#8220; transparent_background=&#8220;off&#8220; allow_player_pause=&#8220;off&#8220; inner_shadow=&#8220;off&#8220; parallax=&#8220;off&#8220; parallax_method=&#8220;on&#8220; custom_padding=&#8220;||0px|&#8220; make_fullwidth=&#8220;off&#8220; use_custom_width=&#8220;off&#8220; width_unit=&#8220;on&#8220; make_equal=&#8220;off&#8220; use_custom_gutter=&#8220;off&#8220;][et_pb_row admin_label=&#8220;Zeile&#8220;][et_pb_column type=&#8220;4_4&#8243;][et_pb_text admin_label=&#8220;Text&#8220; background_layout=&#8220;light&#8220; text_orientation=&#8220;center&#8220; use_border_color=&#8220;off&#8220; border_color=&#8220;#ffffff&#8220; border_style=&#8220;solid&#8220;]<\/p>\n<h1>Alles, ausser gew\u00f6hnlich<\/h1>\n<p>[\/et_pb_text][et_pb_text admin_label=&#8220;Text&#8220; background_layout=&#8220;light&#8220; text_orientation=&#8220;center&#8220; use_border_color=&#8220;off&#8220; border_color=&#8220;#ffffff&#8220; border_style=&#8220;solid&#8220;]<\/p>\n<p style=\"text-align: center;\">Regelm\u00e4\u00dfig stattfindende Zirkus-AGs in Schulen, die Zirkuswochen in den Ferien und die Projektwochen in Kitas oder Schulen<br \/>\nbieten Kindern und Jugendlichen unvergleichliche Erlebnisse in der Gruppe.<\/p>\n<p>[\/et_pb_text][\/et_pb_column][\/et_pb_row][\/et_pb_section][et_pb_section bb_built=&#8220;1&#8243; admin_label=&#8220;Sektion&#8220; fullwidth=&#8220;off&#8220; specialty=&#8220;off&#8220; transparent_background=&#8220;off&#8220; allow_player_pause=&#8220;off&#8220; inner_shadow=&#8220;off&#8220; parallax=&#8220;off&#8220; parallax_method=&#8220;on&#8220; custom_padding=&#8220;0px||0px|&#8220; make_fullwidth=&#8220;off&#8220; use_custom_width=&#8220;off&#8220; width_unit=&#8220;on&#8220; make_equal=&#8220;off&#8220; use_custom_gutter=&#8220;off&#8220;][et_pb_row admin_label=&#8220;Zeile&#8220; make_fullwidth=&#8220;off&#8220; use_custom_width=&#8220;off&#8220; width_unit=&#8220;on&#8220; use_custom_gutter=&#8220;off&#8220; allow_player_pause=&#8220;off&#8220; parallax=&#8220;off&#8220; parallax_method=&#8220;on&#8220; make_equal=&#8220;on&#8220; parallax_1=&#8220;off&#8220; parallax_method_1=&#8220;off&#8220; background_color_1=&#8220;#05b18b&#8220; parallax_2=&#8220;off&#8220; parallax_method_2=&#8220;off&#8220; background_color_2=&#8220;#d2232a&#8220; module_class_1=&#8220;runde-ecken&#8220; module_class_2=&#8220;runde-ecken&#8220; custom_padding=&#8220;|60px||60px&#8220;][et_pb_column type=&#8220;1_2&#8243;][et_pb_text admin_label=&#8220;Zirkus AG&#8220; background_layout=&#8220;dark&#8220; text_orientation=&#8220;center&#8220; use_border_color=&#8220;off&#8220; border_color=&#8220;#ffffff&#8220; border_style=&#8220;solid&#8220; custom_padding=&#8220;25px||25px|&#8220;]<\/p>\n<h2 style=\"text-align: center;\">Zirkus-AGs<\/h2>\n<p style=\"text-align: center;\">Ich biete an Schulen die M\u00f6glichkeit, eine w\u00f6chentlich<br \/>\nstattfindende Zirkus-AG in das Nachmittagsangebot<br \/>\noder auch in den vormitt\u00e4glichen Schulunterricht<br \/>\nzu integrieren. Die regelm\u00e4\u00dfigen Kurse sollten jeweils<br \/>\nein Schuljahr laufen. W\u00f6chentlich treffen wir uns einmal<br \/>\nf\u00fcr je 90 Minuten. Die Kurse sind f\u00fcr Kinder von 6 \u2013 15<br \/>\nJahre. Pro Kurs gibt es maximal 15 Teilnehmer.<\/p>\n<p style=\"text-align: center;\">Auch f\u00fcr Kinderg\u00e4rten besteht das Angebot<br \/>\nvormittags eine Zirkus AG einzurichten.<br \/>\nDie Kurse sind f\u00fcr Kinder von 5-6 Jahre<br \/>\n(Vorschul-Kinder).<br \/>\nPro Kurs gibt es maximal 10 Teilnehmer.<\/p>\n<p>[\/et_pb_text][\/et_pb_column][et_pb_column type=&#8220;1_2&#8243;][et_pb_text admin_label=&#8220;Ferienspiele&#8220; background_layout=&#8220;dark&#8220; text_orientation=&#8220;center&#8220; use_border_color=&#8220;off&#8220; border_color=&#8220;#ffffff&#8220; border_style=&#8220;solid&#8220; custom_padding=&#8220;25px||25px|&#8220;]<\/p>\n<h2 style=\"text-align: center;\">Ferien-Spiele<\/h2>\n<p style=\"text-align: center;\">Sie suchen noch nach einem H\u00f6hepunkt f\u00fcr Ihre<br \/>\nn\u00e4chsten Ferienspielwochen? Sie wollen einmal etwas<br \/>\nBesonderes anbieten, bei dem Kinder und<br \/>\nJugendliche mit Begeisterung dabei sind?<br \/>\nDann sprechen Sie mich an. Ich kommen zu Ihnen<br \/>\nmit meinen Materialien:<br \/>\nJonglage mit Diabolo, T\u00fccher, B\u00e4lle, Kugeln, Einr\u00e4der,<br \/>\nTeller und nat\u00fcrlich Musik &#8230;<br \/>\nUnd dann wird mit 15 Kindern aus Ihrer Region<br \/>\n(Alter 6 \u2013 15Jahre) trainiert, 5 Stunden am Tag, 4 \u2013 6 Tage<br \/>\nlang. Und zum Schlu\u00df dann f\u00fcr alle das gro\u00dfe Finale:<br \/>\nDie fantastische, etwa einst\u00fcndige Vorf\u00fchrung, in der<br \/>\ndie Kinder ihre Kunstst\u00fccke pr\u00e4sentieren.<\/p>\n<p>[\/et_pb_text][\/et_pb_column][\/et_pb_row][et_pb_row admin_label=&#8220;Zeile&#8220; make_fullwidth=&#8220;off&#8220; use_custom_width=&#8220;off&#8220; width_unit=&#8220;on&#8220; use_custom_gutter=&#8220;off&#8220; allow_player_pause=&#8220;off&#8220; parallax=&#8220;off&#8220; parallax_method=&#8220;on&#8220; make_equal=&#8220;on&#8220; parallax_1=&#8220;off&#8220; parallax_method_1=&#8220;off&#8220; background_color_1=&#8220;#72b33c&#8220; parallax_2=&#8220;off&#8220; parallax_method_2=&#8220;off&#8220; background_color_2=&#8220;#007dc6&#8243; module_class_1=&#8220;runde-ecken&#8220; module_class_2=&#8220;runde-ecken&#8220; custom_padding=&#8220;|60px||60px&#8220;][et_pb_column type=&#8220;1_2&#8243;][et_pb_text admin_label=&#8220;Geburtstagsfeiern&#8220; background_layout=&#8220;dark&#8220; text_orientation=&#8220;center&#8220; use_border_color=&#8220;off&#8220; border_color=&#8220;#ffffff&#8220; border_style=&#8220;solid&#8220; custom_margin=&#8220;|||0px&#8220; custom_padding=&#8220;25px||25px|&#8220;]<\/p>\n<h2 style=\"text-align: center;\">Geburtstagsfeiern<\/h2>\n<p style=\"text-align: center;\">Ihr Kind ist zirkusbegeistert und bewegt sich gerne?<br \/>\nIch bieten Ihnen an, einen \u201eZirkus-Geburtstag\u201c<br \/>\nf\u00fcr Ihr Kind zu gestalten.<br \/>\nDabei stelle ich verschiedene Zirkusk\u00fcnste zur<br \/>\nAuswahl: Akrobatik, Kugel, Jonglage mit Diabolo,<br \/>\nTeller, T\u00fccher und B\u00e4lle.<br \/>\nMit 8 \u2013 10 Kinder ab 6 Jahren \u00fcbe ich zweieinhalb<br \/>\nStunden lang verschiedene Zirkusdisziplinen ein.<br \/>\nVorrausetzung ist:<br \/>\nsie haben einen geigneten und ausreichend gro\u00dfen<br \/>\nRaum oder mieten einen an.<\/p>\n<p>[\/et_pb_text][\/et_pb_column][et_pb_column type=&#8220;1_2&#8243;][et_pb_text admin_label=&#8220;Projektwochen&#8220; background_layout=&#8220;dark&#8220; text_orientation=&#8220;center&#8220; use_border_color=&#8220;off&#8220; border_color=&#8220;#ffffff&#8220; border_style=&#8220;solid&#8220; custom_padding=&#8220;25px||25px|&#8220;]<\/p>\n<h2 style=\"text-align: center;\">Projektwochen<\/h2>\n<p style=\"text-align: center;\">In Ihrer Schule steht demn\u00e4chst eine Projektwoche an?<br \/>\nDann planen Sie doch einfach einmal eine Projektwoche<br \/>\nder anderen Art. Der Klassenraum wird zum Trainingsraum,<br \/>\ndas Zirkuszelt zum Klassenzimmer. Schule wird<br \/>\nzum bewegten und kreativen Erlebnisraum.<br \/>\nBis zu 15 Kinder k\u00f6nnen bei mir teilnehmen.<br \/>\nJe nach Klassen- oder Gruppengr\u00f6\u00dfe, stelle ich weitere<br \/>\nFachkr\u00e4fte zur Verf\u00fcgung.<br \/>\nDie zu erlernenden Projektinhalte werden an die<br \/>\nindividuellen F\u00e4higkeiten der Gruppe angepasst.<\/p>\n<p>[\/et_pb_text][\/et_pb_column][\/et_pb_row][\/et_pb_section][et_pb_section bb_built=&#8220;1&#8243; admin_label=&#8220;Sektion&#8220; fullwidth=&#8220;off&#8220; specialty=&#8220;off&#8220; transparent_background=&#8220;off&#8220; allow_player_pause=&#8220;off&#8220; inner_shadow=&#8220;off&#8220; parallax=&#8220;off&#8220; parallax_method=&#8220;on&#8220; custom_padding=&#8220;0px|||&#8220; make_fullwidth=&#8220;off&#8220; use_custom_width=&#8220;off&#8220; width_unit=&#8220;on&#8220; make_equal=&#8220;off&#8220; use_custom_gutter=&#8220;off&#8220;][et_pb_row admin_label=&#8220;Zeile&#8220;][et_pb_column type=&#8220;4_4&#8243;][et_pb_image admin_label=&#8220;Jonglage_Baelle_Haende&#8220; src=&#8220;https:\/\/zirkus-paedagogin.de\/wp-content\/uploads\/2017\/03\/Jonglage_Baelle_Haende1.jpg&#8220; show_in_lightbox=&#8220;off&#8220; url_new_window=&#8220;off&#8220; use_overlay=&#8220;off&#8220; animation=&#8220;off&#8220; sticky=&#8220;on&#8220; align=&#8220;center&#8220; force_fullwidth=&#8220;off&#8220; always_center_on_mobile=&#8220;on&#8220; use_border_color=&#8220;off&#8220; border_color=&#8220;#ffffff&#8220; border_style=&#8220;solid&#8220; \/][\/et_pb_column][\/et_pb_row][\/et_pb_section]<\/p>\n","protected":false},"excerpt":{"rendered":"<p>Leistungen Alles, ausser gew\u00f6hnlich Regelm\u00e4\u00dfig stattfindende Zirkus-AGs in Schulen, die Zirkuswochen in den Ferien und die Projektwochen in Kitas oder Schulen bieten Kindern und Jugendlichen unvergleichliche Erlebnisse in der Gruppe. Zirkus-AGs Ich biete an Schulen die M\u00f6glichkeit, eine w\u00f6chentlich stattfindende Zirkus-AG in das Nachmittagsangebot oder auch in den vormitt\u00e4glichen Schulunterricht zu integrieren. Die regelm\u00e4\u00dfigen Kurse [&hellip;]<\/p>\n","protected":false},"author":1,"featured_media":0,"parent":0,"menu_order":0,"comment_status":"closed","ping_status":"closed","template":"","meta":{"_et_pb_use_builder":"on","_et_pb_old_content":"","_et_gb_content_width":"","footnotes":""},"class_list":["post-79","page","type-page","status-publish","hentry"],"_links":{"self":[{"href":"https:\/\/www.zirkus-paedagogin.de\/index.php?rest_route=\/wp\/v2\/pages\/79","targetHints":{"allow":["GET"]}}],"collection":[{"href":"https:\/\/www.zirkus-paedagogin.de\/index.php?rest_route=\/wp\/v2\/pages"}],"about":[{"href":"https:\/\/www.zirkus-paedagogin.de\/index.php?rest_route=\/wp\/v2\/types\/page"}],"author":[{"embeddable":true,"href":"https:\/\/www.zirkus-paedagogin.de\/index.php?rest_route=\/wp\/v2\/users\/1"}],"replies":[{"embeddable":true,"href":"https:\/\/www.zirkus-paedagogin.de\/index.php?rest_route=%2Fwp%2Fv2%2Fcomments&post=79"}],"version-history":[{"count":43,"href":"https:\/\/www.zirkus-paedagogin.de\/index.php?rest_route=\/wp\/v2\/pages\/79\/revisions"}],"predecessor-version":[{"id":403,"href":"https:\/\/www.zirkus-paedagogin.de\/index.php?rest_route=\/wp\/v2\/pages\/79\/revisions\/403"}],"wp:attachment":[{"href":"https:\/\/www.zirkus-paedagogin.de\/index.php?rest_route=%2Fwp%2Fv2%2Fmedia&parent=79"}],"curies":[{"name":"wp","href":"https:\/\/api.w.org\/{rel}","templated":true}]}}