{"id":77,"date":"2017-03-17T14:51:29","date_gmt":"2017-03-17T14:51:29","guid":{"rendered":"http:\/\/zirkus-paedagogin.de\/?page_id=77"},"modified":"2022-12-01T10:45:22","modified_gmt":"2022-12-01T10:45:22","slug":"schwerpunkt","status":"publish","type":"page","link":"https:\/\/www.zirkus-paedagogin.de\/?page_id=77","title":{"rendered":"Schwerpunkt"},"content":{"rendered":"<p>[et_pb_section fb_built=&#8220;1&#8243; admin_label=&#8220;section&#8220; _builder_version=&#8220;4.16&#8243; background_color=&#8220;#c62569&#8243; custom_padding=&#8220;15px||15px|&#8220; transparent_background=&#8220;off&#8220; make_fullwidth=&#8220;off&#8220; use_custom_width=&#8220;off&#8220; width_unit=&#8220;on&#8220; global_colors_info=&#8220;{}&#8220;][et_pb_row admin_label=&#8220;row&#8220; _builder_version=&#8220;4.16&#8243; background_size=&#8220;initial&#8220; background_position=&#8220;top_left&#8220; background_repeat=&#8220;repeat&#8220; custom_padding=&#8220;0px||0px|&#8220; make_fullwidth=&#8220;off&#8220; use_custom_width=&#8220;off&#8220; width_unit=&#8220;on&#8220; global_colors_info=&#8220;{}&#8220;][et_pb_column type=&#8220;4_4&#8243; _builder_version=&#8220;4.16&#8243; custom_padding=&#8220;|||&#8220; global_colors_info=&#8220;{}&#8220; custom_padding__hover=&#8220;|||&#8220;][et_pb_text admin_label=&#8220;Schwerpunkt&#8220; _builder_version=&#8220;4.16&#8243; text_font_size=&#8220;26&#8243; background_size=&#8220;initial&#8220; background_position=&#8220;top_left&#8220; background_repeat=&#8220;repeat&#8220; text_orientation=&#8220;center&#8220; background_layout=&#8220;dark&#8220; module_alignment=&#8220;center&#8220; use_border_color=&#8220;off&#8220; border_color=&#8220;#ffffff&#8220; border_style=&#8220;solid&#8220; global_colors_info=&#8220;{}&#8220;]<strong>Schwerpunkt<\/strong><br \/>\n[\/et_pb_text][\/et_pb_column][\/et_pb_row][\/et_pb_section][et_pb_section fb_built=&#8220;1&#8243; admin_label=&#8220;Sektion&#8220; _builder_version=&#8220;4.16&#8243; custom_padding=&#8220;||0px|&#8220; transparent_background=&#8220;off&#8220; make_fullwidth=&#8220;off&#8220; use_custom_width=&#8220;off&#8220; width_unit=&#8220;on&#8220; global_colors_info=&#8220;{}&#8220;][et_pb_row admin_label=&#8220;Zeile&#8220; _builder_version=&#8220;4.16&#8243; background_size=&#8220;initial&#8220; background_position=&#8220;top_left&#8220; background_repeat=&#8220;repeat&#8220; global_colors_info=&#8220;{}&#8220;][et_pb_column type=&#8220;4_4&#8243; _builder_version=&#8220;4.16&#8243; custom_padding=&#8220;|||&#8220; global_colors_info=&#8220;{}&#8220; custom_padding__hover=&#8220;|||&#8220;][et_pb_text admin_label=&#8220;Text&#8220; _builder_version=&#8220;4.19.2&#8243; background_size=&#8220;initial&#8220; background_position=&#8220;top_left&#8220; background_repeat=&#8220;repeat&#8220; text_orientation=&#8220;center&#8220; module_alignment=&#8220;center&#8220; hover_enabled=&#8220;0&#8243; use_border_color=&#8220;off&#8220; border_color=&#8220;#ffffff&#8220; border_style=&#8220;solid&#8220; global_colors_info=&#8220;{}&#8220; sticky_enabled=&#8220;0&#8243;]<\/p>\n<h1>Motorik und P\u00e4dagogik<\/h1>\n<p>[\/et_pb_text][et_pb_text admin_label=&#8220;Text&#8220; _builder_version=&#8220;4.16&#8243; background_size=&#8220;initial&#8220; background_position=&#8220;top_left&#8220; background_repeat=&#8220;repeat&#8220; text_orientation=&#8220;center&#8220; module_alignment=&#8220;center&#8220; use_border_color=&#8220;off&#8220; border_color=&#8220;#ffffff&#8220; border_style=&#8220;solid&#8220; global_colors_info=&#8220;{}&#8220;]<\/p>\n<p style=\"text-align: center;\">Als ausgebildete Zirkus- und Theaterp\u00e4dagogin arbeite ich im Wesentlichen im motorischen Bereich.<br \/>\nDurch Bewegungen auf dem Boden wie z. B. Akrobatik, also dem Spiel mit der Schwerkraft,<br \/>\noder Handgeschicklichkeiten, wie z. B. Jonglage, werden vor allem motorische F\u00f6rderziele erreicht.<br \/>\nEin weiterer Kernpunkt stellt das Arbeiten mit unterschiedlichen Balancierger\u00e4ten,<br \/>\nwie Kugel, Einrad und Rola Bola dar. Im einzelnen werden gef\u00f6rdert:<\/p>\n<p>[\/et_pb_text][et_pb_text admin_label=&#8220;Text&#8220; module_class=&#8220;runde-ecken&#8220; _builder_version=&#8220;4.16&#8243; background_color=&#8220;#05b18b&#8220; background_size=&#8220;initial&#8220; background_position=&#8220;top_left&#8220; background_repeat=&#8220;repeat&#8220; background_layout=&#8220;dark&#8220; custom_margin=&#8220;|150px||150px&#8220; custom_margin_tablet=&#8220;|80px||80px&#8220; custom_margin_phone=&#8220;|20px||20px&#8220; custom_margin_last_edited=&#8220;on|phone&#8220; custom_padding=&#8220;30px||30px|30px&#8220; custom_padding_tablet=&#8220;30px|30px|30px|30px&#8220; custom_padding_phone=&#8220;25px|20px|25px|20px&#8220; custom_padding_last_edited=&#8220;on|phone&#8220; use_border_color=&#8220;off&#8220; border_color=&#8220;#ffffff&#8220; border_style=&#8220;solid&#8220; global_colors_info=&#8220;{}&#8220;]<\/p>\n<ul>\n<li><strong>Steigerung der Stu\u0308tz- und Haltekraft, besonders in der Akrobatik<\/strong><\/li>\n<li><strong>Allgemeine Verbesserung des Muskeltonus<\/strong><\/li>\n<li><strong>Steigerung des Gleichgewichtsinns und des Orientierungsverm\u00f6gens<\/strong><\/li>\n<li><strong>Verbesserung der Hand-Auge-Koordination, insbesondere beim Lernen von Jonglage<\/strong><\/li>\n<li><strong>H\u00f6here Kontrolle der Peripherie (Extremit\u00e4ten, K\u00f6rper) durch verbesserte Reaktionsf\u00e4higkeit<\/strong><br \/>\n<strong> und Pr\u00e4zision der Bewegungen bei allen artistischen Disziplinen<\/strong><\/li>\n<li><strong>Erleben neuer Bewegungsformen und Ausleben des inneren Bewegungsdrangs,<\/strong><br \/>\n<strong> damit verbunden ein h\u00f6heres Ma\u00df an K\u00f6rperwahrnehmung und K\u00f6rperkontrolle<\/strong><\/li>\n<\/ul>\n<p>[\/et_pb_text][\/et_pb_column][\/et_pb_row][\/et_pb_section][et_pb_section fb_built=&#8220;1&#8243; admin_label=&#8220;Sektion&#8220; _builder_version=&#8220;4.16&#8243; custom_padding=&#8220;0px||0px|&#8220; transparent_background=&#8220;off&#8220; make_fullwidth=&#8220;off&#8220; use_custom_width=&#8220;off&#8220; width_unit=&#8220;on&#8220; global_colors_info=&#8220;{}&#8220;][et_pb_row admin_label=&#8220;Zeile&#8220; _builder_version=&#8220;4.16&#8243; background_size=&#8220;initial&#8220; background_position=&#8220;top_left&#8220; background_repeat=&#8220;repeat&#8220; global_colors_info=&#8220;{}&#8220;][et_pb_column type=&#8220;4_4&#8243; _builder_version=&#8220;4.16&#8243; custom_padding=&#8220;|||&#8220; global_colors_info=&#8220;{}&#8220; custom_padding__hover=&#8220;|||&#8220;][et_pb_image src=&#8220;https:\/\/zirkus-paedagogin.de\/wp-content\/uploads\/2017\/03\/Motorik_Paedagogik.jpg&#8220; align=&#8220;center&#8220; align_tablet=&#8220;center&#8220; align_last_edited=&#8220;on|desktop&#8220; admin_label=&#8220;Motorik und Paedagogik Bild&#8220; _builder_version=&#8220;4.16&#8243; use_border_color=&#8220;off&#8220; border_color=&#8220;#ffffff&#8220; border_style=&#8220;solid&#8220; animation=&#8220;off&#8220; sticky=&#8220;off&#8220; always_center_on_mobile=&#8220;on&#8220; global_colors_info=&#8220;{}&#8220; align_phone=&#8220;center&#8220;][\/et_pb_image][\/et_pb_column][\/et_pb_row][\/et_pb_section][et_pb_section fb_built=&#8220;1&#8243; admin_label=&#8220;Sektion&#8220; _builder_version=&#8220;4.16&#8243; custom_padding=&#8220;||0px|&#8220; transparent_background=&#8220;off&#8220; make_fullwidth=&#8220;off&#8220; use_custom_width=&#8220;off&#8220; width_unit=&#8220;on&#8220; global_colors_info=&#8220;{}&#8220;][et_pb_row admin_label=&#8220;Zeile&#8220; _builder_version=&#8220;4.16&#8243; background_size=&#8220;initial&#8220; background_position=&#8220;top_left&#8220; background_repeat=&#8220;repeat&#8220; global_colors_info=&#8220;{}&#8220;][et_pb_column type=&#8220;4_4&#8243; _builder_version=&#8220;4.16&#8243; custom_padding=&#8220;|||&#8220; global_colors_info=&#8220;{}&#8220; custom_padding__hover=&#8220;|||&#8220;][et_pb_image src=&#8220;https:\/\/zirkus-paedagogin.de\/wp-content\/uploads\/2017\/03\/Jonglage_Keulen.jpg&#8220; show_bottom_space=&#8220;off&#8220; align=&#8220;center&#8220; align_tablet=&#8220;center&#8220; align_last_edited=&#8220;on|desktop&#8220; admin_label=&#8220;Jonglage_Keulen Bild&#8220; _builder_version=&#8220;4.16&#8243; use_border_color=&#8220;off&#8220; border_color=&#8220;#ffffff&#8220; border_style=&#8220;solid&#8220; animation=&#8220;off&#8220; sticky=&#8220;on&#8220; always_center_on_mobile=&#8220;on&#8220; global_colors_info=&#8220;{}&#8220; align_phone=&#8220;center&#8220;][\/et_pb_image][\/et_pb_column][\/et_pb_row][\/et_pb_section]<\/p>\n","protected":false},"excerpt":{"rendered":"<p>Schwerpunkt Motorik und P\u00e4dagogikAls ausgebildete Zirkus- und Theaterp\u00e4dagogin arbeite ich im Wesentlichen im motorischen Bereich. Durch Bewegungen auf dem Boden wie z. B. Akrobatik, also dem Spiel mit der Schwerkraft, oder Handgeschicklichkeiten, wie z. B. Jonglage, werden vor allem motorische F\u00f6rderziele erreicht. Ein weiterer Kernpunkt stellt das Arbeiten mit unterschiedlichen Balancierger\u00e4ten, wie Kugel, Einrad und [&hellip;]<\/p>\n","protected":false},"author":1,"featured_media":0,"parent":0,"menu_order":0,"comment_status":"closed","ping_status":"closed","template":"","meta":{"_et_pb_use_builder":"on","_et_pb_old_content":"","_et_gb_content_width":"","footnotes":""},"class_list":["post-77","page","type-page","status-publish","hentry"],"_links":{"self":[{"href":"https:\/\/www.zirkus-paedagogin.de\/index.php?rest_route=\/wp\/v2\/pages\/77","targetHints":{"allow":["GET"]}}],"collection":[{"href":"https:\/\/www.zirkus-paedagogin.de\/index.php?rest_route=\/wp\/v2\/pages"}],"about":[{"href":"https:\/\/www.zirkus-paedagogin.de\/index.php?rest_route=\/wp\/v2\/types\/page"}],"author":[{"embeddable":true,"href":"https:\/\/www.zirkus-paedagogin.de\/index.php?rest_route=\/wp\/v2\/users\/1"}],"replies":[{"embeddable":true,"href":"https:\/\/www.zirkus-paedagogin.de\/index.php?rest_route=%2Fwp%2Fv2%2Fcomments&post=77"}],"version-history":[{"count":31,"href":"https:\/\/www.zirkus-paedagogin.de\/index.php?rest_route=\/wp\/v2\/pages\/77\/revisions"}],"predecessor-version":[{"id":495,"href":"https:\/\/www.zirkus-paedagogin.de\/index.php?rest_route=\/wp\/v2\/pages\/77\/revisions\/495"}],"wp:attachment":[{"href":"https:\/\/www.zirkus-paedagogin.de\/index.php?rest_route=%2Fwp%2Fv2%2Fmedia&parent=77"}],"curies":[{"name":"wp","href":"https:\/\/api.w.org\/{rel}","templated":true}]}}